{"id":168,"date":"2026-03-04T03:07:03","date_gmt":"2026-03-04T06:07:03","guid":{"rendered":"https:\/\/renovenoalgarve.wordpress.com\/?page_id=168"},"modified":"2026-04-06T16:14:47","modified_gmt":"2026-04-06T16:14:47","slug":"projeto-casaalvor","status":"publish","type":"page","link":"https:\/\/renoveconstrutora.pt\/en\/projeto-casaalvor\/","title":{"rendered":"Casa Alvor &#8211; Projeto"},"content":{"rendered":"<div class=\"wp-block-columns is-layout-flex wp-container-core-columns-is-layout-673bc473 wp-block-columns-is-layout-flex\" style=\"margin-top:0;margin-bottom:0;padding-right:var(--wp--preset--spacing--40);padding-left:var(--wp--preset--spacing--40)\">\n<div class=\"wp-block-column is-layout-flow wp-block-column-is-layout-flow\" style=\"flex-basis:50%\">\n<p class=\"has-custom-gray-400-color has-text-color has-link-color wp-elements-04d228e15410931298ded7fefad68278\"><a href=\"https:\/\/renoveconstrutora.pt\/en\/portfolio\/\" data-type=\"page\" data-id=\"17\">\u2190 Back to Portfolio<\/a><\/p>\n\n\n\n<div class=\"wp-block-group is-vertical is-layout-flex wp-container-core-group-is-layout-851f7720 wp-block-group-is-layout-flex\" style=\"padding-top:var(--wp--preset--spacing--20);padding-bottom:var(--wp--preset--spacing--20)\">\n<h2 class=\"wp-block-heading has-custom-gray-800-color has-text-color has-link-color wp-elements-d7a43ada0bc20066f90b984202ba5d4b\" id=\"casa-alvor\"><strong>Alvor House<\/strong><\/h2>\n\n\n\n<div class=\"wp-block-group is-nowrap is-layout-flex wp-container-core-group-is-layout-89a94f6a wp-block-group-is-layout-flex\">      \n\t\t\t<div class=\"uagb-icon-wrapper uagb-block-711ca87b\"\n\t\t\tstyle=\"\" >\n\t\t\t\t\t\t\t\t\t<span class=\"uagb-svg-wrapper\" \n\t\t\t\t\t aria-label=\"location-dot\"\t\t\t\t\ttabindex=\"0\">\t\t\n\t\t\t\t\t\t\t\t\t\t<svg xmlns=\"https:\/\/www.w3.org\/2000\/svg\" viewbox= \"0 0 384 512\" role=\"graphics-symbol\" aria-hidden=\"false\" aria-label=\"\"><path d=\"M168.3 499.2C116.1 435 0 279.4 0 192C0 85.96 85.96 0 192 0C298 0 384 85.96 384 192C384 279.4 267 435 215.7 499.2C203.4 514.5 180.6 514.5 168.3 499.2H168.3zM192 256C227.3 256 256 227.3 256 192C256 156.7 227.3 128 192 128C156.7 128 128 156.7 128 192C128 227.3 156.7 256 192 256z\"><\/path><\/svg>\n\t\t\t\t\t\t\t\t\t<\/span>\n\t\t\t\t\t\t\t<\/div>\n\t\t\t\n\n\n<p class=\"has-custom-gray-600-color has-text-color has-link-color wp-elements-c27788da87eada751445168020294c9a\">Alvor, Portim\u00e3o \u2013 Algarve, Portugal<\/p>\n<\/div>\n<\/div>\n\n\n\n<h5 class=\"wp-block-heading has-medium-font-size\" id=\"resumo-tecnico\" style=\"border-left-color:var(--wp--preset--color--custom-orange-200);border-left-width:2px;padding-right:12px;padding-left:12px\">Technical Summary<\/h5>\n\n\n\n<div class=\"wp-block-group has-custom-gray-800-background-color has-background is-vertical is-layout-flex wp-container-core-group-is-layout-9ae43232 wp-block-group-is-layout-flex\" style=\"padding-top:var(--wp--preset--spacing--20);padding-right:var(--wp--preset--spacing--20);padding-bottom:var(--wp--preset--spacing--20);padding-left:var(--wp--preset--spacing--20)\">\n<div class=\"wp-block-group is-vertical is-layout-flex wp-container-core-group-is-layout-90752e8f wp-block-group-is-layout-flex\">\n<p class=\"has-custom-gray-200-color has-text-color has-link-color has-small-font-size wp-elements-6f3c05a70756299b8f734ed5d1096944\" style=\"letter-spacing:2px\">PROJECT DIMENSIONS<\/p>\n\n\n\n<p class=\"has-base-color has-text-color has-link-color has-large-font-size wp-elements-6db73ce1b64a6dad142191d71b933639\">2 Floors + Basement<\/p>\n<\/div>\n\n\n\n<div class=\"wp-block-group is-vertical is-layout-flex wp-container-core-group-is-layout-90752e8f wp-block-group-is-layout-flex\">\n<p class=\"has-custom-gray-200-color has-text-color has-link-color has-small-font-size wp-elements-17869a672494fa3f4df20e54d196a50a\" style=\"letter-spacing:2px\">MAIN MATERIALS<\/p>\n\n\n\n<p class=\"has-base-color has-text-color has-link-color has-large-font-size wp-elements-0db3f00800e23682b16ca71cde9cdd17\">Minimalist Glazing, Slim-Frame, High-Performance Glass<\/p>\n<\/div>\n\n\n\n<div class=\"wp-block-group is-vertical is-layout-flex wp-container-core-group-is-layout-90752e8f wp-block-group-is-layout-flex\">\n<p class=\"has-custom-gray-200-color has-text-color has-link-color has-small-font-size wp-elements-e646830ae5169eb1675918abd7d2a006\" style=\"letter-spacing:2px\">PROJECT TIMELINE<\/p>\n\n\n\n<p class=\"has-base-color has-text-color has-link-color has-large-font-size wp-elements-d1923d6969070e5659ee005f289bc7d3\">18 months<\/p>\n<\/div>\n<\/div>\n<\/div>\n\n\n\n<div class=\"wp-block-column is-layout-flow wp-block-column-is-layout-flow\" style=\"flex-basis:50%\">\t\t\t\t\t<div\n\t\t\t\t\t\tclass=\"wp-block-uagb-image-gallery uagb-block-8e64e6ec\"\n\t\t\t\t\t\tstyle=\"\"\n\t\t\t\t\t>\n\t\t\t\t\t\t\t\t\t\t\t<div class=\"spectra-image-gallery spectra-image-gallery__layout--carousel\">\n\t\t\t\t\t\t\t\t<div class=\"uagb-slick-carousel uagb-block-8e64e6ec\">\n\t\t\t\t\t\t\t\t\t\t\t\t<div class='spectra-image-gallery__media-wrapper' data-spectra-gallery-image-id='233'>\n\t\t\t\t\t\t\t<div class=\"spectra-image-gallery__media spectra-image-gallery__media--carousel\">\n\t\t\t\t<picture>\n\t\t\t\t\t<source media=\"(min-width: 1024px)\" srcset=\"https:\/\/renoveconstrutora.pt\/wp-content\/uploads\/2026\/03\/WhatsApp-Image-2026-01-06-at-11.50.41-1-768x1024.jpeg\">\n\t\t\t\t\t<source media=\"(min-width: 768px)\" srcset=\"https:\/\/renoveconstrutora.pt\/wp-content\/uploads\/2026\/03\/WhatsApp-Image-2026-01-06-at-11.50.41-1-768x1024.jpeg\">\n\t\t\t\t\t<img decoding=\"async\" class=\"spectra-image-gallery__media-thumbnail spectra-image-gallery__media-thumbnail--carousel\" src=\"https:\/\/renoveconstrutora.pt\/wp-content\/uploads\/2026\/03\/WhatsApp-Image-2026-01-06-at-11.50.41-1-225x300.jpeg\" alt=\"\" loading=\"lazy\" \/>\n\t\t\t\t<\/picture>\n\t\t\t\t<div class=\"spectra-image-gallery__media-thumbnail-blurrer\"><\/div>\n\t\t\t\t\t\t\t\t\t\t\t<div class=\"spectra-image-gallery__media-thumbnail-caption-wrapper spectra-image-gallery__media-thumbnail-caption-wrapper--overlay\">\n\t\t\t\t\t\t\t\t\t\t\t<div class=\"spectra-image-gallery__media-thumbnail-caption spectra-image-gallery__media-thumbnail-caption--overlay\">\n\t\t\t\t\tFinal\t\t\t\t<\/div>\n\t\t\t\t\t\t\t\t\t\t<\/div>\n\t\t\t\t\t\t\t\t\t<\/div>\n\t\t\t\t\t\t<\/div>\n\t\t\t\t\t\t<div class='spectra-image-gallery__media-wrapper' data-spectra-gallery-image-id='665'>\n\t\t\t\t\t\t\t<div class=\"spectra-image-gallery__media spectra-image-gallery__media--carousel\">\n\t\t\t\t<picture>\n\t\t\t\t\t<source media=\"(min-width: 1024px)\" srcset=\"https:\/\/renoveconstrutora.pt\/wp-content\/uploads\/2026\/03\/WhatsApp-Image-2026-03-04-at-15.45.01-1024x771.jpeg\">\n\t\t\t\t\t<source media=\"(min-width: 768px)\" srcset=\"https:\/\/renoveconstrutora.pt\/wp-content\/uploads\/2026\/03\/WhatsApp-Image-2026-03-04-at-15.45.01-1024x771.jpeg\">\n\t\t\t\t\t<img decoding=\"async\" class=\"spectra-image-gallery__media-thumbnail spectra-image-gallery__media-thumbnail--carousel\" src=\"https:\/\/renoveconstrutora.pt\/wp-content\/uploads\/2026\/03\/WhatsApp-Image-2026-03-04-at-15.45.01-300x226.jpeg\" alt=\"\" loading=\"lazy\" \/>\n\t\t\t\t<\/picture>\n\t\t\t\t<div class=\"spectra-image-gallery__media-thumbnail-blurrer\"><\/div>\n\t\t\t\t\t\t\t\t\t\t\t<div class=\"spectra-image-gallery__media-thumbnail-caption-wrapper spectra-image-gallery__media-thumbnail-caption-wrapper--overlay\">\n\t\t\t\t\t\t\t\t\t\t\t<div class=\"spectra-image-gallery__media-thumbnail-caption spectra-image-gallery__media-thumbnail-caption--overlay\">\n\t\t\t\t\tFinal\t\t\t\t<\/div>\n\t\t\t\t\t\t\t\t\t\t<\/div>\n\t\t\t\t\t\t\t\t\t<\/div>\n\t\t\t\t\t\t<\/div>\n\t\t\t\t\t\t<div class='spectra-image-gallery__media-wrapper' data-spectra-gallery-image-id='236'>\n\t\t\t\t\t\t\t<div class=\"spectra-image-gallery__media spectra-image-gallery__media--carousel\">\n\t\t\t\t<picture>\n\t\t\t\t\t<source media=\"(min-width: 1024px)\" srcset=\"https:\/\/renoveconstrutora.pt\/wp-content\/uploads\/2026\/03\/WhatsApp-Image-2026-01-06-at-11.49.50-2-1024x771.jpeg\">\n\t\t\t\t\t<source media=\"(min-width: 768px)\" srcset=\"https:\/\/renoveconstrutora.pt\/wp-content\/uploads\/2026\/03\/WhatsApp-Image-2026-01-06-at-11.49.50-2-1024x771.jpeg\">\n\t\t\t\t\t<img decoding=\"async\" class=\"spectra-image-gallery__media-thumbnail spectra-image-gallery__media-thumbnail--carousel\" src=\"https:\/\/renoveconstrutora.pt\/wp-content\/uploads\/2026\/03\/WhatsApp-Image-2026-01-06-at-11.49.50-2-300x226.jpeg\" alt=\"\" loading=\"lazy\" \/>\n\t\t\t\t<\/picture>\n\t\t\t\t<div class=\"spectra-image-gallery__media-thumbnail-blurrer\"><\/div>\n\t\t\t\t\t\t\t\t\t\t\t<div class=\"spectra-image-gallery__media-thumbnail-caption-wrapper spectra-image-gallery__media-thumbnail-caption-wrapper--overlay\">\n\t\t\t\t\t\t\t\t\t\t\t<div class=\"spectra-image-gallery__media-thumbnail-caption spectra-image-gallery__media-thumbnail-caption--overlay\">\n\t\t\t\t\tConstruction\t\t\t\t<\/div>\n\t\t\t\t\t\t\t\t\t\t<\/div>\n\t\t\t\t\t\t\t\t\t<\/div>\n\t\t\t\t\t\t<\/div>\n\t\t\t\t\t\t<div class='spectra-image-gallery__media-wrapper' data-spectra-gallery-image-id='232'>\n\t\t\t\t\t\t\t<div class=\"spectra-image-gallery__media spectra-image-gallery__media--carousel\">\n\t\t\t\t<picture>\n\t\t\t\t\t<source media=\"(min-width: 1024px)\" srcset=\"https:\/\/renoveconstrutora.pt\/wp-content\/uploads\/2026\/03\/WhatsApp-Image-2026-01-06-at-11.50.41-768x1024.jpeg\">\n\t\t\t\t\t<source media=\"(min-width: 768px)\" srcset=\"https:\/\/renoveconstrutora.pt\/wp-content\/uploads\/2026\/03\/WhatsApp-Image-2026-01-06-at-11.50.41-768x1024.jpeg\">\n\t\t\t\t\t<img decoding=\"async\" class=\"spectra-image-gallery__media-thumbnail spectra-image-gallery__media-thumbnail--carousel\" src=\"https:\/\/renoveconstrutora.pt\/wp-content\/uploads\/2026\/03\/WhatsApp-Image-2026-01-06-at-11.50.41-225x300.jpeg\" alt=\"\" loading=\"lazy\" \/>\n\t\t\t\t<\/picture>\n\t\t\t\t<div class=\"spectra-image-gallery__media-thumbnail-blurrer\"><\/div>\n\t\t\t\t\t\t\t\t\t\t\t<div class=\"spectra-image-gallery__media-thumbnail-caption-wrapper spectra-image-gallery__media-thumbnail-caption-wrapper--overlay\">\n\t\t\t\t\t\t\t\t\t\t\t<div class=\"spectra-image-gallery__media-thumbnail-caption spectra-image-gallery__media-thumbnail-caption--overlay\">\n\t\t\t\t\tFinal\t\t\t\t<\/div>\n\t\t\t\t\t\t\t\t\t\t<\/div>\n\t\t\t\t\t\t\t\t\t<\/div>\n\t\t\t\t\t\t<\/div>\n\t\t\t\t\t\t<div class='spectra-image-gallery__media-wrapper' data-spectra-gallery-image-id='238'>\n\t\t\t\t\t\t\t<div class=\"spectra-image-gallery__media spectra-image-gallery__media--carousel\">\n\t\t\t\t<picture>\n\t\t\t\t\t<source media=\"(min-width: 1024px)\" srcset=\"https:\/\/renoveconstrutora.pt\/wp-content\/uploads\/2026\/03\/WhatsApp-Image-2026-01-06-at-11.49.49-1024x528.jpeg\">\n\t\t\t\t\t<source media=\"(min-width: 768px)\" srcset=\"https:\/\/renoveconstrutora.pt\/wp-content\/uploads\/2026\/03\/WhatsApp-Image-2026-01-06-at-11.49.49-1024x528.jpeg\">\n\t\t\t\t\t<img decoding=\"async\" class=\"spectra-image-gallery__media-thumbnail spectra-image-gallery__media-thumbnail--carousel\" src=\"https:\/\/renoveconstrutora.pt\/wp-content\/uploads\/2026\/03\/WhatsApp-Image-2026-01-06-at-11.49.49-300x155.jpeg\" alt=\"\" loading=\"lazy\" \/>\n\t\t\t\t<\/picture>\n\t\t\t\t<div class=\"spectra-image-gallery__media-thumbnail-blurrer\"><\/div>\n\t\t\t\t\t\t\t\t\t\t\t<div class=\"spectra-image-gallery__media-thumbnail-caption-wrapper spectra-image-gallery__media-thumbnail-caption-wrapper--overlay\">\n\t\t\t\t\t\t\t\t\t\t\t<div class=\"spectra-image-gallery__media-thumbnail-caption spectra-image-gallery__media-thumbnail-caption--overlay\">\n\t\t\t\t\tProject model\t\t\t\t<\/div>\n\t\t\t\t\t\t\t\t\t\t<\/div>\n\t\t\t\t\t\t\t\t\t<\/div>\n\t\t\t\t\t\t<\/div>\n\t\t\t\t\t\t\t\t\t\t\t<\/div>\n\t\t\t\t\t\t\t<\/div>\n\t\t\t\t\t\t\t\t\t\t\t<\/div>\n\t\t\t\t\t\t\t\t\t\t\t<div class='spectra-image-gallery__control-lightbox' tabindex='0'>\n\t\t\t\t\t\t\t\t\t\t\t<div class=\"swiper spectra-image-gallery__control-lightbox--main\" dir=\"\">\n\t\t\t\t\t<div class=\"swiper-wrapper\">\n\t\t\t\t\t\t\t\t\t\t\t\t\t\n\t\t\t\t\t\t\t<div class=\"swiper-slide\">\n\t\t\t\t\t\t\t\t<img class=\"swiper-lazy\" data-src=\"https:\/\/renoveconstrutora.pt\/wp-content\/uploads\/2026\/03\/WhatsApp-Image-2026-01-06-at-11.50.41-1.jpeg\" alt=\"\"\/>\n\t\t\t\t\t\t\t\t<div class=\"swiper-lazy-preloader swiper-lazy-preloader-white\"><\/div>\n\t\t\t\t\t\t\t\t\t\t\t\t\t\t\t<\/div>\n\t\t\t\t\t\t\t\t\t\t\t\t\t\n\t\t\t\t\t\t\t<div class=\"swiper-slide\">\n\t\t\t\t\t\t\t\t<img class=\"swiper-lazy\" data-src=\"https:\/\/renoveconstrutora.pt\/wp-content\/uploads\/2026\/03\/WhatsApp-Image-2026-03-04-at-15.45.01.jpeg\" alt=\"\"\/>\n\t\t\t\t\t\t\t\t<div class=\"swiper-lazy-preloader swiper-lazy-preloader-white\"><\/div>\n\t\t\t\t\t\t\t\t\t\t\t\t\t\t\t<\/div>\n\t\t\t\t\t\t\t\t\t\t\t\t\t\n\t\t\t\t\t\t\t<div class=\"swiper-slide\">\n\t\t\t\t\t\t\t\t<img class=\"swiper-lazy\" data-src=\"https:\/\/renoveconstrutora.pt\/wp-content\/uploads\/2026\/03\/WhatsApp-Image-2026-01-06-at-11.49.50-2.jpeg\" alt=\"\"\/>\n\t\t\t\t\t\t\t\t<div class=\"swiper-lazy-preloader swiper-lazy-preloader-white\"><\/div>\n\t\t\t\t\t\t\t\t\t\t\t\t\t\t\t<\/div>\n\t\t\t\t\t\t\t\t\t\t\t\t\t\n\t\t\t\t\t\t\t<div class=\"swiper-slide\">\n\t\t\t\t\t\t\t\t<img class=\"swiper-lazy\" data-src=\"https:\/\/renoveconstrutora.pt\/wp-content\/uploads\/2026\/03\/WhatsApp-Image-2026-01-06-at-11.50.41.jpeg\" alt=\"\"\/>\n\t\t\t\t\t\t\t\t<div class=\"swiper-lazy-preloader swiper-lazy-preloader-white\"><\/div>\n\t\t\t\t\t\t\t\t\t\t\t\t\t\t\t<\/div>\n\t\t\t\t\t\t\t\t\t\t\t\t\t\n\t\t\t\t\t\t\t<div class=\"swiper-slide\">\n\t\t\t\t\t\t\t\t<img class=\"swiper-lazy\" data-src=\"https:\/\/renoveconstrutora.pt\/wp-content\/uploads\/2026\/03\/WhatsApp-Image-2026-01-06-at-11.49.49.jpeg\" alt=\"\"\/>\n\t\t\t\t\t\t\t\t<div class=\"swiper-lazy-preloader swiper-lazy-preloader-white\"><\/div>\n\t\t\t\t\t\t\t\t\t\t\t\t\t\t\t<\/div>\n\t\t\t\t\t\t\t\t\t\t\t<\/div>\n\t\t\t\t\t<div class=\"swiper-button-next\"><\/div>\n\t\t\t\t\t<div class=\"swiper-button-prev\"><\/div>\n\t\t\t\t<\/div>\t\t\t\n\t\t\t\t\t\t\t\t\t\t\t\t\t\t\t\t\t\t\t\t\t\t\t\t\t\t\t\t\t\t\t\t<button class='spectra-image-gallery__control-lightbox--close' aria-label=\"Close\">\n\t\t\t\t\t\t\t\t\t\t\t\t\t<svg xmlns=\"https:\/\/www.w3.org\/2000\/svg\" viewbox= \"0 0 320 512\"><path d=\"M310.6 361.4c12.5 12.5 12.5 32.75 0 45.25C304.4 412.9 296.2 416 288 416s-16.38-3.125-22.62-9.375L160 301.3L54.63 406.6C48.38 412.9 40.19 416 32 416S15.63 412.9 9.375 406.6c-12.5-12.5-12.5-32.75 0-45.25l105.4-105.4L9.375 150.6c-12.5-12.5-12.5-32.75 0-45.25s32.75-12.5 45.25 0L160 210.8l105.4-105.4c12.5-12.5 32.75-12.5 45.25 0s12.5 32.75 0 45.25l-105.4 105.4L310.6 361.4z\"><\/path><\/svg>\n\t\t\t\t\t\t\t\t\t\t\t\t<\/button>\n\t\t\t\t\t\t\t\t\t\t\t\t\t<\/div>\n\t\t\t\t\t\t\t\t\t<\/div>\n<\/div>\n\n\n\n<div class=\"wp-block-group is-vertical is-layout-flex wp-container-core-group-is-layout-003b920d wp-block-group-is-layout-flex\" style=\"padding-top:var(--wp--preset--spacing--30);padding-right:var(--wp--preset--spacing--40);padding-bottom:var(--wp--preset--spacing--30);padding-left:var(--wp--preset--spacing--40)\">\n<h5 class=\"wp-block-heading has-medium-font-size\" id=\"sobre-o-projeto\" style=\"border-left-color:var(--wp--preset--color--custom-orange-200);border-left-width:2px;padding-right:12px;padding-left:12px\"><strong>About the Project<\/strong><\/h5>\n\n\n\n<p>Contemporary architecture meets minimalist design in this three-level villa (including basement). Wide glass balconies maximize natural light and elegance, complemented by premium finishes throughout.<\/p>\n\n\n\n<p>Floor-to-ceiling glass walls flood the interior with natural light, complementing a minimalist design that radiates comfort and luxury. Built with a focus on seamless functionality, modern aesthetics, and superior energy performance.<\/p>\n<\/div>\n\n\n\n<div class=\"wp-block-group is-vertical is-layout-flex wp-container-core-group-is-layout-1962b265 wp-block-group-is-layout-flex\" style=\"padding-right:var(--wp--preset--spacing--40);padding-left:var(--wp--preset--spacing--40)\">\n<h5 class=\"wp-block-heading has-medium-font-size\" id=\"destaques-do-projeto\" style=\"border-left-color:var(--wp--preset--color--custom-orange-200);border-left-width:2px;padding-right:12px;padding-left:12px\"><strong>Project Highlights<\/strong><\/h5>\n\n\n\n<div class=\"wp-block-columns has-border-color has-custom-gray-200-border-color is-layout-flex wp-container-core-columns-is-layout-28232c24 wp-block-columns-is-layout-flex\" style=\"border-width:1px\">\n<div class=\"wp-block-column has-border-color has-custom-gray-200-border-color is-layout-flow wp-block-column-is-layout-flow\" style=\"border-width:1px;padding-top:var(--wp--preset--spacing--20);padding-right:var(--wp--preset--spacing--20);padding-bottom:var(--wp--preset--spacing--20);padding-left:var(--wp--preset--spacing--20)\">\n<p class=\"has-custom-orange-200-color has-text-color has-link-color wp-elements-ea423f6660d51d61bfdf06c7dc13630c\" style=\"letter-spacing:2px\">01<\/p>\n\n\n\n<h4 class=\"wp-block-heading\" id=\"conceito\">CONCEPT<\/h4>\n\n\n\n<p>Contemporary design with clean lines and a minimalist aesthetic. A two-story structure plus basement, focused on functionality.<\/p>\n<\/div>\n\n\n\n<div class=\"wp-block-column has-border-color has-custom-gray-200-border-color is-layout-flow wp-block-column-is-layout-flow\" style=\"border-width:1px;padding-top:var(--wp--preset--spacing--20);padding-right:var(--wp--preset--spacing--20);padding-bottom:var(--wp--preset--spacing--20);padding-left:var(--wp--preset--spacing--20)\">\n<p class=\"has-custom-orange-200-color has-text-color has-link-color wp-elements-5fef39b6c5e7e3a45818f6b0d8b065df\" style=\"letter-spacing:2px\">02<\/p>\n\n\n\n<h4 class=\"wp-block-heading\" id=\"luminosidade\">LUMINOSITY<\/h4>\n\n\n\n<p>Large glass openings and balconies that maximize natural light. Visual elegance that seamlessly integrates the interior with the exterior.<\/p>\n<\/div>\n\n\n\n<div class=\"wp-block-column has-border-color has-custom-gray-200-border-color is-layout-flow wp-block-column-is-layout-flow\" style=\"border-width:1px;padding-top:var(--wp--preset--spacing--20);padding-right:var(--wp--preset--spacing--20);padding-bottom:var(--wp--preset--spacing--20);padding-left:var(--wp--preset--spacing--20)\">\n<p class=\"has-custom-orange-200-color has-text-color has-link-color wp-elements-8314461358a5b7e15bb2a46e106b4695\" style=\"letter-spacing:2px\">03<\/p>\n\n\n\n<h4 class=\"wp-block-heading\" id=\"materiais\">MATERIALS<\/h4>\n\n\n\n<p>High-quality finishes with a focus on sophistication. A selection of noble materials to ensure comfort and durability.<\/p>\n<\/div>\n\n\n\n<div class=\"wp-block-column has-border-color has-custom-gray-200-border-color is-layout-flow wp-block-column-is-layout-flow\" style=\"border-width:1px;padding-top:var(--wp--preset--spacing--20);padding-right:var(--wp--preset--spacing--20);padding-bottom:var(--wp--preset--spacing--20);padding-left:var(--wp--preset--spacing--20)\">\n<p class=\"has-custom-orange-200-color has-text-color has-link-color wp-elements-41afe670ef8461dbb5b9844d60b9e027\" style=\"letter-spacing:2px\">04<\/p>\n\n\n\n<h4 class=\"wp-block-heading\" id=\"eficiencia\">EFFICIENCY<\/h4>\n\n\n\n<p>Construction engineered for high energy performance. Engineering solutions that combine insulation with modern design.<\/p>\n<\/div>\n<\/div>\n<\/div>\n\n\n\n<div class=\"wp-block-buttons is-content-justification-space-between is-nowrap is-layout-flex wp-container-core-buttons-is-layout-170367e2 wp-block-buttons-is-layout-flex\" style=\"margin-top:var(--wp--preset--spacing--20);margin-bottom:var(--wp--preset--spacing--20);padding-right:0;padding-left:0\">\n<div class=\"wp-block-button has-custom-width wp-block-button__width-100\"><a class=\"wp-block-button__link has-large-font-size has-custom-font-size wp-element-button\" href=\"https:\/\/renoveconstrutora.pt\/en\/projeto-casaparchal\/\" style=\"border-top-left-radius:0px;border-top-right-radius:0px;border-bottom-left-radius:0px;border-bottom-right-radius:0px;padding-top:var(--wp--preset--spacing--10);padding-right:var(--wp--preset--spacing--10);padding-bottom:var(--wp--preset--spacing--10);padding-left:var(--wp--preset--spacing--10)\">See Next Project <strong>Parchal House<\/strong> \u2192<\/a><\/div>\n<\/div>","protected":false},"excerpt":{"rendered":"<p>\u2190 Voltar para Portf\u00f3lio Casa Alvor Alvor, Portim\u00e3o &#8211; Algarve, Portugal Resumo T\u00e9cnico \u00c1REA DE INTERVEN\u00c7\u00c3O 2 Pisos + Cave MATERIAIS PRINCIPAIS Caixilharia Minimalista, Vidro de Alta Performance, Bet\u00e3o Armado TEMPO DA OBRA 18 meses Sobre o Projeto Este im\u00f3vel apresenta uma constru\u00e7\u00e3o moderna, com linhas retas e design contempor\u00e2neo. A moradia \u00e9 composta por [&hellip;]<\/p>\n","protected":false},"author":1,"featured_media":0,"parent":0,"menu_order":0,"comment_status":"closed","ping_status":"closed","template":"page-no-title","meta":{"_gspb_post_css":"","_uag_custom_page_level_css":"","footnotes":""},"class_list":["post-168","page","type-page","status-publish","hentry"],"_hostinger_reach_plugin_has_subscription_block":false,"_hostinger_reach_plugin_is_elementor":false,"uagb_featured_image_src":{"full":false,"thumbnail":false,"medium":false,"medium_large":false,"large":false,"1536x1536":false,"2048x2048":false,"trp-custom-language-flag":false},"uagb_author_info":{"display_name":"renovenoalgarve","author_link":"https:\/\/renoveconstrutora.pt\/en\/author\/renovenoalgarve\/"},"uagb_comment_info":0,"uagb_excerpt":"\u2190 Voltar para Portf\u00f3lio Casa Alvor Alvor, Portim\u00e3o &#8211; Algarve, Portugal Resumo T\u00e9cnico \u00c1REA DE INTERVEN\u00c7\u00c3O 2 Pisos + Cave MATERIAIS PRINCIPAIS Caixilharia Minimalista, Vidro de Alta Performance, Bet\u00e3o Armado TEMPO DA OBRA 18 meses Sobre o Projeto Este im\u00f3vel apresenta uma constru\u00e7\u00e3o moderna, com linhas retas e design contempor\u00e2neo. A moradia \u00e9 composta por&hellip;","_links":{"self":[{"href":"https:\/\/renoveconstrutora.pt\/en\/wp-json\/wp\/v2\/pages\/168","targetHints":{"allow":["GET"]}}],"collection":[{"href":"https:\/\/renoveconstrutora.pt\/en\/wp-json\/wp\/v2\/pages"}],"about":[{"href":"https:\/\/renoveconstrutora.pt\/en\/wp-json\/wp\/v2\/types\/page"}],"author":[{"embeddable":true,"href":"https:\/\/renoveconstrutora.pt\/en\/wp-json\/wp\/v2\/users\/1"}],"replies":[{"embeddable":true,"href":"https:\/\/renoveconstrutora.pt\/en\/wp-json\/wp\/v2\/comments?post=168"}],"version-history":[{"count":27,"href":"https:\/\/renoveconstrutora.pt\/en\/wp-json\/wp\/v2\/pages\/168\/revisions"}],"predecessor-version":[{"id":756,"href":"https:\/\/renoveconstrutora.pt\/en\/wp-json\/wp\/v2\/pages\/168\/revisions\/756"}],"wp:attachment":[{"href":"https:\/\/renoveconstrutora.pt\/en\/wp-json\/wp\/v2\/media?parent=168"}],"curies":[{"name":"wp","href":"https:\/\/api.w.org\/{rel}","templated":true}]}}