{"id":17,"date":"2026-03-03T20:17:37","date_gmt":"2026-03-03T23:17:37","guid":{"rendered":"https:\/\/renovenoalgarve.wordpress.com\/portfolio\/"},"modified":"2026-03-24T16:36:54","modified_gmt":"2026-03-24T16:36:54","slug":"portfolio","status":"publish","type":"page","link":"https:\/\/renoveconstrutora.pt\/en\/portfolio\/","title":{"rendered":"Portfolio"},"content":{"rendered":"<div style=\"height:80px\" aria-hidden=\"true\" class=\"wp-block-spacer\"><\/div>\n\n\n\n<div class=\"wp-block-group animated slideInUp is-vertical is-layout-flex wp-container-core-group-is-layout-80a27624 wp-block-group-is-layout-flex\" style=\"margin-top:0;margin-bottom:0;padding-right:var(--wp--preset--spacing--60);padding-left:var(--wp--preset--spacing--60)\">\n<p class=\"has-text-align-left has-custom-orange-200-color has-text-color has-link-color has-medium-font-size wp-elements-0a4327abe37fa25ada17f66bd8418f05\">OUR CURATED PROJECTS<\/p>\n\n\n\n<h1 class=\"wp-block-heading has-text-align-left has-xx-large-font-size\" id=\"portfolio\">PORTFOLIO<\/h1>\n\n\n\n<p class=\"has-text-align-left has-custom-gray-600-color has-text-color has-link-color wp-elements-11eb269f7fd8717a6d19692a433ccd13\" style=\"font-size:clamp(15.747px, 0.984rem + ((1vw - 3.2px) * 0.86), 24px);\">Explore our portfolio. See how we turn complex designs into reality, delivering high-end construction and renovation across Southern Portugal.<\/p>\n\n\n\n<div style=\"height:0px\" aria-hidden=\"true\" class=\"wp-block-spacer wp-container-content-f96796aa\"><\/div>\n<\/div>\n\n\n\n<div class=\"wp-block-group animated fadeIn is-layout-flow wp-block-group-is-layout-flow\" style=\"padding-top:var(--wp--preset--spacing--20);padding-right:var(--wp--preset--spacing--20);padding-bottom:var(--wp--preset--spacing--20);padding-left:var(--wp--preset--spacing--20)\">\n<div class=\"wp-block-columns is-layout-flex wp-container-core-columns-is-layout-ccff4e99 wp-block-columns-is-layout-flex\" style=\"margin-top:0;margin-bottom:0;padding-top:0;padding-right:0;padding-bottom:0;padding-left:0\">\n<div class=\"wp-block-column is-layout-flow wp-block-column-is-layout-flow\">\n<div class=\"wp-block-cover has-custom-content-position is-position-top-left\" style=\"border-top-style:none;border-top-width:0px;border-right-color:var(--wp--preset--color--custom-cinza-400);border-right-style:none;border-right-width:0px;border-bottom-color:var(--wp--preset--color--custom-cinza-400);border-bottom-style:none;border-bottom-width:0px;border-left-style:none;border-left-width:0px\"><img loading=\"lazy\" decoding=\"async\" width=\"1024\" height=\"771\" class=\"wp-block-cover__image-background wp-image-665 size-large\" alt=\"\" src=\"https:\/\/renoveconstrutora.pt\/wp-content\/uploads\/2026\/03\/WhatsApp-Image-2026-03-04-at-15.45.01-1024x771.jpeg\" style=\"object-position:30% 50%\" data-object-fit=\"cover\" data-object-position=\"30% 50%\" srcset=\"https:\/\/renoveconstrutora.pt\/wp-content\/uploads\/2026\/03\/WhatsApp-Image-2026-03-04-at-15.45.01-1024x771.jpeg 1024w, https:\/\/renoveconstrutora.pt\/wp-content\/uploads\/2026\/03\/WhatsApp-Image-2026-03-04-at-15.45.01-300x226.jpeg 300w, https:\/\/renoveconstrutora.pt\/wp-content\/uploads\/2026\/03\/WhatsApp-Image-2026-03-04-at-15.45.01-768x578.jpeg 768w, https:\/\/renoveconstrutora.pt\/wp-content\/uploads\/2026\/03\/WhatsApp-Image-2026-03-04-at-15.45.01-1536x1156.jpeg 1536w, https:\/\/renoveconstrutora.pt\/wp-content\/uploads\/2026\/03\/WhatsApp-Image-2026-03-04-at-15.45.01.jpeg 1600w\" sizes=\"auto, (max-width: 1024px) 100vw, 1024px\" \/><span aria-hidden=\"true\" class=\"wp-block-cover__background has-background-dim wp-block-cover__gradient-background has-background-gradient has-gradient-1-gradient-background\"><\/span><div class=\"wp-block-cover__inner-container is-layout-flow wp-container-core-cover-is-layout-a77db08e wp-block-cover-is-layout-flow\">\n<p class=\"has-custom-gray-800-color has-base-background-color has-text-color has-background has-link-color has-small-font-size wp-elements-e74a936e93c2410bdd695ce9f21fb4bc\" style=\"padding-top:4px;padding-right:10px;padding-bottom:4px;padding-left:10px\">NEW-BUILD CONSTRUCTION<br>Alvor House<\/p>\n<\/div><\/div>\n<\/div>\n\n\n\n<div class=\"wp-block-column is-layout-flow wp-block-column-is-layout-flow\">\n<div class=\"wp-block-cover\" style=\"border-top-style:none;border-top-width:0px;border-right-style:none;border-right-width:0px;border-bottom-color:var(--wp--preset--color--custom-cinza-400);border-bottom-style:none;border-bottom-width:0px;border-left-style:none;border-left-width:0px\"><img loading=\"lazy\" decoding=\"async\" width=\"1024\" height=\"771\" class=\"wp-block-cover__image-background wp-image-665 size-large\" alt=\"\" src=\"https:\/\/renoveconstrutora.pt\/wp-content\/uploads\/2026\/03\/WhatsApp-Image-2026-03-04-at-15.45.01-1024x771.jpeg\" style=\"object-position:30% 50%\" data-object-fit=\"cover\" data-object-position=\"30% 50%\" srcset=\"https:\/\/renoveconstrutora.pt\/wp-content\/uploads\/2026\/03\/WhatsApp-Image-2026-03-04-at-15.45.01-1024x771.jpeg 1024w, https:\/\/renoveconstrutora.pt\/wp-content\/uploads\/2026\/03\/WhatsApp-Image-2026-03-04-at-15.45.01-300x226.jpeg 300w, https:\/\/renoveconstrutora.pt\/wp-content\/uploads\/2026\/03\/WhatsApp-Image-2026-03-04-at-15.45.01-768x578.jpeg 768w, https:\/\/renoveconstrutora.pt\/wp-content\/uploads\/2026\/03\/WhatsApp-Image-2026-03-04-at-15.45.01-1536x1156.jpeg 1536w, https:\/\/renoveconstrutora.pt\/wp-content\/uploads\/2026\/03\/WhatsApp-Image-2026-03-04-at-15.45.01.jpeg 1600w\" sizes=\"auto, (max-width: 1024px) 100vw, 1024px\" \/><span aria-hidden=\"true\" class=\"wp-block-cover__background has-custom-gray-800-background-color has-background-dim-80 has-background-dim\"><\/span><div class=\"wp-block-cover__inner-container has-global-padding is-layout-constrained wp-block-cover-is-layout-constrained\">\n<div class=\"wp-block-group is-vertical is-content-justification-stretch is-layout-flex wp-container-core-group-is-layout-69c550ab wp-block-group-is-layout-flex\">\n<div class=\"wp-block-group has-large-font-size is-content-justification-space-between is-nowrap is-layout-flex wp-container-core-group-is-layout-225d311e wp-block-group-is-layout-flex\" style=\"border-top-color:var(--wp--preset--color--custom-gray-100);border-top-width:1px;border-bottom-color:var(--wp--preset--color--custom-gray-100);border-bottom-width:1px;padding-top:8px;padding-right:16px;padding-bottom:8px;padding-left:16px\">\n<p class=\"has-base-color has-text-color has-link-color has-medium-font-size wp-elements-bef0061bbf6b1f2ff92987f2cf7f831c\">Year<\/p>\n\n\n\n<p class=\"o-typing-fast has-base-color has-text-color has-link-color has-medium-font-size wp-elements-81f22548164bad07e699696147142c96\"><strong><o-anim-typing>2024<\/o-anim-typing><\/strong><\/p>\n<\/div>\n\n\n\n<div class=\"wp-block-group is-content-justification-space-between is-nowrap is-layout-flex wp-container-core-group-is-layout-225d311e wp-block-group-is-layout-flex\" style=\"border-top-style:none;border-top-width:0px;border-bottom-color:var(--wp--preset--color--custom-gray-100);border-bottom-width:1px;padding-top:8px;padding-right:16px;padding-bottom:8px;padding-left:16px\">\n<p class=\"has-base-color has-text-color has-link-color has-medium-font-size wp-elements-4970927f9233b275ef3a03196510c785\">Type<\/p>\n\n\n\n<p class=\"o-typing-fast has-base-color has-text-color has-link-color has-medium-font-size wp-elements-6fbe6de5782ec80351d00dc036afd306\"><strong><o-anim-typing>Ground-up Construction<\/o-anim-typing><\/strong><\/p>\n<\/div>\n\n\n\n<div class=\"wp-block-group is-content-justification-space-between is-nowrap is-layout-flex wp-container-core-group-is-layout-225d311e wp-block-group-is-layout-flex\" style=\"border-top-style:none;border-top-width:0px;border-bottom-color:var(--wp--preset--color--custom-gray-100);border-bottom-width:1px;padding-top:8px;padding-right:16px;padding-bottom:8px;padding-left:16px\">\n<p class=\"has-base-color has-text-color has-link-color has-medium-font-size wp-elements-91fbce4f23659d0ede96512c61e20b15\">Timeline<\/p>\n\n\n\n<p class=\"o-typing-fast has-base-color has-text-color has-link-color has-medium-font-size wp-elements-d12e0d6e95700b3eae0cacedd7390354\"><strong><o-anim-typing>16 months<\/o-anim-typing><\/strong><\/p>\n<\/div>\n\n\n\n<div class=\"wp-block-group is-content-justification-space-between is-nowrap is-layout-flex wp-container-core-group-is-layout-225d311e wp-block-group-is-layout-flex\" style=\"border-top-style:none;border-top-width:0px;border-bottom-color:var(--wp--preset--color--custom-gray-100);border-bottom-width:1px;padding-top:8px;padding-right:16px;padding-bottom:8px;padding-left:16px\">\n<p class=\"has-base-color has-text-color has-link-color has-medium-font-size wp-elements-23f1e430c0434b781b7f4822246ecd16\">Site<\/p>\n\n\n\n<p class=\"o-typing-fast has-base-color has-text-color has-link-color has-medium-font-size wp-elements-5a15858905dba860dfbf1f1403514d02\"><strong><o-anim-typing>Portim\u00e3o<\/o-anim-typing><\/strong><\/p>\n<\/div>\n<\/div>\n<\/div><\/div>\n<\/div>\n<\/div>\n\n\n\n<div class=\"wp-block-buttons is-layout-flex wp-block-buttons-is-layout-flex\" style=\"margin-top:0;margin-bottom:0\">\n<div class=\"wp-block-button has-custom-width wp-block-button__width-100\"><a class=\"wp-block-button__link has-medium-font-size has-custom-font-size wp-element-button\" href=\"https:\/\/renoveconstrutora.pt\/en\/projeto\/\" style=\"padding-top:var(--wp--preset--spacing--20);padding-bottom:var(--wp--preset--spacing--20)\">See Project (Alvor Home)<\/a><\/div>\n<\/div>\n<\/div>\n\n\n\n<div class=\"wp-block-group animated fadeIn is-layout-flow wp-block-group-is-layout-flow\" style=\"padding-top:var(--wp--preset--spacing--20);padding-right:var(--wp--preset--spacing--20);padding-bottom:var(--wp--preset--spacing--20);padding-left:var(--wp--preset--spacing--20)\">\n<div class=\"wp-block-columns is-layout-flex wp-container-core-columns-is-layout-ccff4e99 wp-block-columns-is-layout-flex\" style=\"margin-top:0;margin-bottom:0;padding-top:0;padding-right:0;padding-bottom:0;padding-left:0\">\n<div class=\"wp-block-column is-layout-flow wp-block-column-is-layout-flow\">\n<div class=\"wp-block-cover is-light has-custom-content-position is-position-top-left\"><img decoding=\"async\" class=\"wp-block-cover__image-background wp-image-21 size-large\" alt=\"\" src=\"https:\/\/renovenoalgarve.wordpress.com\/wp-content\/uploads\/2026\/03\/whatsapp-image-2026-01-27-at-14.26.38.jpeg?w=1024\" data-object-fit=\"cover\"\/><span aria-hidden=\"true\" class=\"wp-block-cover__background has-background-dim wp-block-cover__gradient-background has-background-gradient has-gradient-1-gradient-background\"><\/span><div class=\"wp-block-cover__inner-container is-layout-flow wp-container-core-cover-is-layout-a77db08e wp-block-cover-is-layout-flow\">\n<p class=\"has-custom-gray-800-color has-base-background-color has-text-color has-background has-link-color has-small-font-size wp-elements-3f568b7df6a8588c2c0e370fea41c323\" style=\"padding-top:4px;padding-right:10px;padding-bottom:4px;padding-left:10px\">REMODELING<br>Parchal House<\/p>\n<\/div><\/div>\n<\/div>\n\n\n\n<div class=\"wp-block-column is-layout-flow wp-block-column-is-layout-flow\">\n<div class=\"wp-block-cover\" style=\"border-top-color:var(--wp--preset--color--custom-gray-100);border-top-style:none;border-top-width:0px;border-right-style:none;border-right-width:0px;border-bottom-color:var(--wp--preset--color--custom-gray-100);border-bottom-style:none;border-bottom-width:0px;border-left-style:none;border-left-width:0px\"><img decoding=\"async\" class=\"wp-block-cover__image-background wp-image-21 size-large\" alt=\"\" src=\"https:\/\/renovenoalgarve.wordpress.com\/wp-content\/uploads\/2026\/03\/whatsapp-image-2026-01-27-at-14.26.38.jpeg?w=1024\" data-object-fit=\"cover\"\/><span aria-hidden=\"true\" class=\"wp-block-cover__background has-custom-gray-800-background-color has-background-dim-80 has-background-dim\"><\/span><div class=\"wp-block-cover__inner-container has-global-padding is-layout-constrained wp-block-cover-is-layout-constrained\">\n<div class=\"wp-block-group is-vertical is-content-justification-stretch is-layout-flex wp-container-core-group-is-layout-69c550ab wp-block-group-is-layout-flex\">\n<div class=\"wp-block-group is-content-justification-space-between is-nowrap is-layout-flex wp-container-core-group-is-layout-225d311e wp-block-group-is-layout-flex\" style=\"border-top-color:var(--wp--preset--color--custom-gray-100);border-top-width:1px;border-bottom-color:var(--wp--preset--color--custom-gray-100);border-bottom-width:1px;padding-top:8px;padding-right:16px;padding-bottom:8px;padding-left:16px\">\n<p class=\"has-base-color has-text-color has-link-color has-medium-font-size wp-elements-bef0061bbf6b1f2ff92987f2cf7f831c\">Year<\/p>\n\n\n\n<p class=\"o-typing-fast has-base-color has-text-color has-link-color has-medium-font-size wp-elements-81f22548164bad07e699696147142c96\"><strong><o-anim-typing>2024<\/o-anim-typing><\/strong><\/p>\n<\/div>\n\n\n\n<div class=\"wp-block-group is-content-justification-space-between is-nowrap is-layout-flex wp-container-core-group-is-layout-225d311e wp-block-group-is-layout-flex\" style=\"border-top-style:none;border-top-width:0px;border-bottom-color:var(--wp--preset--color--custom-gray-100);border-bottom-width:1px;padding-top:8px;padding-right:16px;padding-bottom:8px;padding-left:16px\">\n<p class=\"has-base-color has-text-color has-link-color has-medium-font-size wp-elements-4970927f9233b275ef3a03196510c785\">Type<\/p>\n\n\n\n<p class=\"has-base-color has-text-color has-link-color has-medium-font-size wp-elements-01abf0c5851fcd6aaaf9496e10f7499c\"><strong>Exterior Arrangement<\/strong><\/p>\n<\/div>\n\n\n\n<div class=\"wp-block-group is-content-justification-space-between is-nowrap is-layout-flex wp-container-core-group-is-layout-225d311e wp-block-group-is-layout-flex\" style=\"border-top-style:none;border-top-width:0px;border-bottom-color:var(--wp--preset--color--custom-gray-100);border-bottom-width:1px;padding-top:8px;padding-right:16px;padding-bottom:8px;padding-left:16px\">\n<p class=\"has-base-color has-text-color has-link-color has-medium-font-size wp-elements-91fbce4f23659d0ede96512c61e20b15\">Timeline<\/p>\n\n\n\n<p class=\"has-base-color has-text-color has-link-color has-medium-font-size wp-elements-0776e9ad9e3dd8e22b414e572a7a09bf\"><strong>03 months<\/strong><\/p>\n<\/div>\n\n\n\n<div class=\"wp-block-group is-content-justification-space-between is-nowrap is-layout-flex wp-container-core-group-is-layout-225d311e wp-block-group-is-layout-flex\" style=\"border-top-style:none;border-top-width:0px;border-bottom-color:var(--wp--preset--color--custom-gray-100);border-bottom-width:1px;padding-top:8px;padding-right:16px;padding-bottom:8px;padding-left:16px\">\n<p class=\"has-base-color has-text-color has-link-color has-medium-font-size wp-elements-23f1e430c0434b781b7f4822246ecd16\">Site<\/p>\n\n\n\n<p class=\"has-base-color has-text-color has-link-color has-medium-font-size wp-elements-cc75865424eba7c1cbfa4d667a75aac7\"><strong>Parchal \u2013 Lagoa<\/strong><\/p>\n<\/div>\n<\/div>\n<\/div><\/div>\n<\/div>\n<\/div>\n\n\n\n<div class=\"wp-block-buttons is-layout-flex wp-block-buttons-is-layout-flex\" style=\"margin-top:0;margin-bottom:0\">\n<div class=\"wp-block-button has-custom-width wp-block-button__width-100\"><a class=\"wp-block-button__link has-medium-font-size has-custom-font-size wp-element-button\" href=\"https:\/\/renoveconstrutora.pt\/en\/projeto-casaparchal\/\" style=\"padding-top:var(--wp--preset--spacing--20);padding-bottom:var(--wp--preset--spacing--20)\">See Project (<em>Parchal House<\/em>)<\/a><\/div>\n<\/div>\n<\/div>\n\n\n\n\n\n<div class=\"wp-block-group animated fadeIn is-layout-flow wp-block-group-is-layout-flow\" style=\"padding-top:var(--wp--preset--spacing--20);padding-right:var(--wp--preset--spacing--20);padding-bottom:var(--wp--preset--spacing--20);padding-left:var(--wp--preset--spacing--20)\">\n<div class=\"wp-block-columns is-layout-flex wp-container-core-columns-is-layout-ccff4e99 wp-block-columns-is-layout-flex\" style=\"margin-top:0;margin-bottom:0;padding-top:0;padding-right:0;padding-bottom:0;padding-left:0\">\n<div class=\"wp-block-column has-custom-cinza-800-background-color has-background is-layout-flow wp-container-core-column-is-layout-8a368f38 wp-block-column-is-layout-flow\">\n<div class=\"wp-block-cover is-light has-custom-content-position is-position-top-left\" style=\"border-top-style:none;border-top-width:0px;border-right-color:var(--wp--preset--color--custom-gray-100);border-right-style:none;border-right-width:0px;border-bottom-color:var(--wp--preset--color--custom-gray-100);border-bottom-style:none;border-bottom-width:0px;border-left-style:none;border-left-width:0px;min-height:431px;aspect-ratio:unset;\"><img decoding=\"async\" class=\"wp-block-cover__image-background wp-image-18 size-large\" alt=\"\" src=\"https:\/\/renovenoalgarve.wordpress.com\/wp-content\/uploads\/2026\/03\/whatsapp-image-2026-01-27-at-14.31.08.jpeg?w=768\" data-object-fit=\"cover\"\/><span aria-hidden=\"true\" class=\"wp-block-cover__background has-background-dim wp-block-cover__gradient-background has-background-gradient has-gradient-1-gradient-background\"><\/span><div class=\"wp-block-cover__inner-container is-layout-flow wp-container-core-cover-is-layout-a77db08e wp-block-cover-is-layout-flow\">\n<p class=\"has-custom-gray-800-color has-base-background-color has-text-color has-background has-link-color has-small-font-size wp-elements-dc841092585ecc465d829a3da303dd11\" style=\"padding-top:4px;padding-right:10px;padding-bottom:4px;padding-left:10px\">KIOSK INSTALLATION<br>Aqua Portim\u00e3o Shopping Centre<\/p>\n<\/div><\/div>\n<\/div>\n\n\n\n<div class=\"wp-block-column is-layout-flow wp-block-column-is-layout-flow\" style=\"border-bottom-color:var(--wp--preset--color--custom-cinza-400);border-bottom-width:1px\">\n<div class=\"wp-block-cover\"><img decoding=\"async\" class=\"wp-block-cover__image-background wp-image-18 size-large\" alt=\"\" src=\"https:\/\/renovenoalgarve.wordpress.com\/wp-content\/uploads\/2026\/03\/whatsapp-image-2026-01-27-at-14.31.08.jpeg?w=768\" data-object-fit=\"cover\"\/><span aria-hidden=\"true\" class=\"wp-block-cover__background has-custom-gray-800-background-color has-background-dim-80 has-background-dim\"><\/span><div class=\"wp-block-cover__inner-container has-global-padding is-layout-constrained wp-block-cover-is-layout-constrained\">\n<div class=\"wp-block-group is-vertical is-content-justification-stretch is-layout-flex wp-container-core-group-is-layout-69c550ab wp-block-group-is-layout-flex\">\n<div class=\"wp-block-group is-content-justification-space-between is-nowrap is-layout-flex wp-container-core-group-is-layout-225d311e wp-block-group-is-layout-flex\" style=\"border-top-color:var(--wp--preset--color--custom-gray-100);border-top-width:1px;border-bottom-color:var(--wp--preset--color--custom-gray-100);border-bottom-width:1px;padding-top:8px;padding-right:16px;padding-bottom:8px;padding-left:16px\">\n<p class=\"has-custom-cinza-50-color has-text-color has-link-color has-medium-font-size wp-elements-a56dc1859a5bdcc240b5942b127244c4\">Year<\/p>\n\n\n\n<p class=\"o-typing-fast has-custom-cinza-50-color has-text-color has-link-color has-medium-font-size wp-elements-44e65b5314d4be1bd0710fcbaef21d21\"><strong><o-anim-typing>2024<\/o-anim-typing><\/strong><\/p>\n<\/div>\n\n\n\n<div class=\"wp-block-group is-content-justification-space-between is-nowrap is-layout-flex wp-container-core-group-is-layout-225d311e wp-block-group-is-layout-flex\" style=\"border-top-style:none;border-top-width:0px;border-bottom-color:var(--wp--preset--color--custom-gray-100);border-bottom-width:1px;padding-top:8px;padding-right:16px;padding-bottom:8px;padding-left:16px\">\n<p class=\"has-custom-cinza-50-color has-text-color has-link-color has-medium-font-size wp-elements-759061049d98685586c7ac1b642e94eb\">Type<\/p>\n\n\n\n<p class=\"o-typing-fast has-custom-cinza-50-color has-text-color has-link-color has-medium-font-size wp-elements-4b8676a742e4d5b89b68c94576c5fc09\"><strong>Kiosk<\/strong><\/p>\n<\/div>\n\n\n\n<div class=\"wp-block-group is-content-justification-space-between is-nowrap is-layout-flex wp-container-core-group-is-layout-225d311e wp-block-group-is-layout-flex\" style=\"border-top-style:none;border-top-width:0px;border-bottom-color:var(--wp--preset--color--custom-gray-100);border-bottom-width:1px;padding-top:8px;padding-right:16px;padding-bottom:8px;padding-left:16px\">\n<p class=\"has-custom-cinza-50-color has-text-color has-link-color has-medium-font-size wp-elements-da2e5dfff6ed057e06b56408c6d14b63\">Timeline<\/p>\n\n\n\n<p class=\"o-typing-fast has-custom-cinza-50-color has-text-color has-link-color has-medium-font-size wp-elements-6608190ac93cf7f1a5cebaff889fe3c4\"><strong>02 months<\/strong><\/p>\n<\/div>\n\n\n\n<div class=\"wp-block-group is-content-justification-space-between is-nowrap is-layout-flex wp-container-core-group-is-layout-225d311e wp-block-group-is-layout-flex\" style=\"border-top-style:none;border-top-width:0px;border-bottom-color:var(--wp--preset--color--custom-gray-100);border-bottom-width:1px;padding-top:8px;padding-right:16px;padding-bottom:8px;padding-left:16px\">\n<p class=\"has-custom-cinza-50-color has-text-color has-link-color has-medium-font-size wp-elements-cb9c2f7157814820599d96302d4ac244\">Site<\/p>\n\n\n\n<p class=\"has-custom-cinza-50-color has-text-color has-link-color has-medium-font-size wp-elements-a8b00a0bed77ada7af6ea6c069c2ab5d\"><strong>Portim\u00e3o<\/strong><\/p>\n<\/div>\n<\/div>\n<\/div><\/div>\n<\/div>\n<\/div>\n\n\n\n<div class=\"wp-block-buttons is-layout-flex wp-block-buttons-is-layout-flex\" style=\"margin-top:0;margin-bottom:0\">\n<div class=\"wp-block-button has-custom-width wp-block-button__width-100\"><a class=\"wp-block-button__link has-medium-font-size has-custom-font-size wp-element-button\" href=\"https:\/\/renoveconstrutora.pt\/en\/projeto-quiosque\/\" style=\"padding-top:var(--wp--preset--spacing--20);padding-bottom:var(--wp--preset--spacing--20)\">See Project (<em>Aqua Portim\u00e3o Kiosk)<\/em><\/a><\/div>\n<\/div>\n<\/div>\n\n\n\n<div class=\"wp-block-group alignfull has-custom-gray-800-background-color has-background has-global-padding is-layout-constrained wp-container-core-group-is-layout-d5d53815 wp-block-group-is-layout-constrained\" style=\"margin-top:0;margin-bottom:0;padding-top:var(--wp--preset--spacing--30);padding-right:var(--wp--preset--spacing--30);padding-bottom:var(--wp--preset--spacing--30);padding-left:var(--wp--preset--spacing--30)\">\n<div class=\"wp-block-group alignwide animated zoomIn has-base-2-background-color has-background is-vertical is-content-justification-center is-layout-flex wp-container-core-group-is-layout-f86d8609 wp-block-group-is-layout-flex\" style=\"border-radius:16px;padding-top:0;padding-right:var(--wp--preset--spacing--40);padding-bottom:0;padding-left:var(--wp--preset--spacing--40)\">\n<div style=\"height:0px\" aria-hidden=\"true\" class=\"wp-block-spacer wp-container-content-5cee9cb3\"><\/div>\n\n\n\n<div class=\"wp-block-uagb-image aligncenter uagb-block-a3ef9a76 wp-block-uagb-image--layout-default wp-block-uagb-image--effect-static wp-block-uagb-image--align-center\"><figure class=\"wp-block-uagb-image__figure\"><img decoding=\"async\" srcset=\"\" sizes=\"auto, (max-width: 480px) 150px\" src=\"https:\/\/orange-cattle-627455.hostingersite.com\/wp-content\/uploads\/2026\/03\/Renove.png\" alt=\"\" class=\"uag-image-248\" width=\"219\" height=\"75\" title=\"Renove\" loading=\"lazy\" role=\"img\" data-srcset=\"\"\/><\/figure><\/div>\n\n\n\n<div class=\"wp-block-group is-vertical is-content-justification-center is-layout-flex wp-container-core-group-is-layout-6329a8f3 wp-block-group-is-layout-flex\">\n<h2 class=\"wp-block-heading has-text-align-center has-x-large-font-size\" id=\"construa-com-a-renove-construtora\">Build with Renove Construtora<\/h2>\n\n\n\n<p class=\"has-text-align-center has-medium-font-size\">Talk to us for expert project planning from start to finish.<\/p>\n\n\n\n<div class=\"wp-block-buttons is-content-justification-center is-layout-flex wp-container-core-buttons-is-layout-a89b3969 wp-block-buttons-is-layout-flex\">\n<div class=\"wp-block-button\"><a class=\"wp-block-button__link wp-element-button\" href=\"https:\/\/api.whatsapp.com\/send?phone=351910580064&amp;text=Oi%20Fabricio,%20quero%20uma%20reuni%C3%A3o%20com%20voc%C3%AA%20para%20discutirmos%20sobre%20a%20minha%20remodela%C3%A7%C3%A3o.&amp;utm_source=ig&amp;utm_medium=social&amp;utm_content=link_in_bio&amp;fbclid=PAZXh0bgNhZW0CMTEAc3J0YwZhcHBfaWQMMjU2MjgxMDQwNTU4AAGnWEI7g4f7PKEw6laSxzUO_XuJmo0W-WEO2XGc_UrjwYZs_7YDaRvHmpqCTFs_aem_Mh1lWu0tfcDacKyWM9vpnw\" target=\"_blank\" rel=\"noreferrer noopener\">Request an Estimate<\/a><\/div>\n\n\n\n<div class=\"wp-block-button is-style-outline is-style-outline--1\"><a class=\"wp-block-button__link wp-element-button\" href=\"https:\/\/renoveconstrutora.pt\/en\/contactos\/\">Talk to Us<\/a><\/div>\n<\/div>\n<\/div>\n\n\n\n<div style=\"height:0px\" aria-hidden=\"true\" class=\"wp-block-spacer wp-container-content-5cee9cb3\"><\/div>\n<\/div>\n<\/div>","protected":false},"excerpt":{"rendered":"<p>NOSSOS PROJETOS SELECIONADOS PORTF\u00d3LIO Explore os cases de sucesso da Renove. Descubra como transformamos projetos complexos em realidades tang\u00edveis, elevando o padr\u00e3o de constru\u00e7\u00e3o e renova\u00e7\u00e3o de alto padr\u00e3o na costa sul de Portugal. Construa com a Renove Construtora Fale connosco e tenha uma obra bem planeada do in\u00edcio ao fim.<\/p>","protected":false},"author":1,"featured_media":0,"parent":0,"menu_order":0,"comment_status":"closed","ping_status":"closed","template":"page-no-title","meta":{"_gspb_post_css":"","_uag_custom_page_level_css":"","footnotes":""},"class_list":["post-17","page","type-page","status-publish","hentry"],"_hostinger_reach_plugin_has_subscription_block":false,"_hostinger_reach_plugin_is_elementor":false,"uagb_featured_image_src":{"full":false,"thumbnail":false,"medium":false,"medium_large":false,"large":false,"1536x1536":false,"2048x2048":false,"trp-custom-language-flag":false},"uagb_author_info":{"display_name":"renovenoalgarve","author_link":"https:\/\/renoveconstrutora.pt\/en\/author\/renovenoalgarve\/"},"uagb_comment_info":0,"uagb_excerpt":"NOSSOS PROJETOS SELECIONADOS PORTF\u00d3LIO Explore os cases de sucesso da Renove. Descubra como transformamos projetos complexos em realidades tang\u00edveis, elevando o padr\u00e3o de constru\u00e7\u00e3o e renova\u00e7\u00e3o de alto padr\u00e3o na costa sul de Portugal. Construa com a Renove Construtora Fale connosco e tenha uma obra bem planeada do in\u00edcio ao fim.","_links":{"self":[{"href":"https:\/\/renoveconstrutora.pt\/en\/wp-json\/wp\/v2\/pages\/17","targetHints":{"allow":["GET"]}}],"collection":[{"href":"https:\/\/renoveconstrutora.pt\/en\/wp-json\/wp\/v2\/pages"}],"about":[{"href":"https:\/\/renoveconstrutora.pt\/en\/wp-json\/wp\/v2\/types\/page"}],"author":[{"embeddable":true,"href":"https:\/\/renoveconstrutora.pt\/en\/wp-json\/wp\/v2\/users\/1"}],"replies":[{"embeddable":true,"href":"https:\/\/renoveconstrutora.pt\/en\/wp-json\/wp\/v2\/comments?post=17"}],"version-history":[{"count":29,"href":"https:\/\/renoveconstrutora.pt\/en\/wp-json\/wp\/v2\/pages\/17\/revisions"}],"predecessor-version":[{"id":751,"href":"https:\/\/renoveconstrutora.pt\/en\/wp-json\/wp\/v2\/pages\/17\/revisions\/751"}],"wp:attachment":[{"href":"https:\/\/renoveconstrutora.pt\/en\/wp-json\/wp\/v2\/media?parent=17"}],"curies":[{"name":"wp","href":"https:\/\/api.w.org\/{rel}","templated":true}]}}