{"id":203,"date":"2026-03-04T03:35:50","date_gmt":"2026-03-04T06:35:50","guid":{"rendered":"https:\/\/renovenoalgarve.wordpress.com\/?page_id=203"},"modified":"2026-03-25T12:49:56","modified_gmt":"2026-03-25T12:49:56","slug":"contactos","status":"publish","type":"page","link":"https:\/\/renoveconstrutora.pt\/en\/contactos\/","title":{"rendered":"Contacts"},"content":{"rendered":"<div class=\"wp-block-group is-vertical is-layout-flex wp-container-core-group-is-layout-5c63f6c9 wp-block-group-is-layout-flex\" style=\"padding-top:var(--wp--preset--spacing--50);padding-right:var(--wp--preset--spacing--80);padding-bottom:var(--wp--preset--spacing--50);padding-left:var(--wp--preset--spacing--80)\">\n<p class=\"has-custom-orange-200-color has-text-color has-link-color has-small-font-size wp-elements-f63c6bb752054cbef24166825638e860\" style=\"letter-spacing:2px\">TALK TO US<\/p>\n\n\n\n<h1 class=\"wp-block-heading\" id=\"contactos\"><strong>CONTACTS<\/strong><\/h1>\n<\/div>\n\n\n\n<div class=\"wp-block-columns is-layout-flex wp-container-core-columns-is-layout-f732cb08 wp-block-columns-is-layout-flex\" style=\"margin-top:0;margin-bottom:0\">\n<div class=\"wp-block-column is-vertically-aligned-stretch has-custom-gray-800-background-color has-background is-layout-flow wp-block-column-is-layout-flow\">\n<div class=\"wp-block-group has-custom-cinza-800-background-color has-background is-vertical is-layout-flex wp-container-core-group-is-layout-2e91f795 wp-block-group-is-layout-flex\" style=\"padding-top:var(--wp--preset--spacing--20);padding-right:var(--wp--preset--spacing--20);padding-bottom:var(--wp--preset--spacing--20);padding-left:var(--wp--preset--spacing--20)\">\n<div class=\"wp-block-group is-vertical is-layout-flex wp-container-core-group-is-layout-90752e8f wp-block-group-is-layout-flex\">\n<p class=\"has-custom-gray-200-color has-text-color has-link-color has-small-font-size wp-elements-123666cd6881c2065b930542ec3350c3\" style=\"letter-spacing:2px\">PHONE<\/p>\n\n\n\n<p class=\"has-base-color has-text-color has-link-color has-medium-font-size wp-elements-11c5e1e2763c527a50875c6a05ef3d64\">+351 910 580 064<br>+351 911 931 946<\/p>\n<\/div>\n\n\n\n<div class=\"wp-block-group is-vertical is-layout-flex wp-container-core-group-is-layout-90752e8f wp-block-group-is-layout-flex\">\n<p class=\"has-custom-gray-200-color has-text-color has-link-color has-small-font-size wp-elements-78114456ebf87ce20bf085f90cb05ae1\" style=\"letter-spacing:2px\">MAIL<\/p>\n\n\n\n<p class=\"has-base-color has-text-color has-link-color has-medium-font-size wp-elements-797cbe8944184b280421728721d8692d\"><a href=\"mailto:renovenoalgarve@gmail.com\">mailto:renovenoalgarve@gmail.com<\/a><\/p>\n<\/div>\n\n\n\n<div class=\"wp-block-group is-vertical is-layout-flex wp-container-core-group-is-layout-90752e8f wp-block-group-is-layout-flex\">\n<p class=\"has-custom-gray-200-color has-text-color has-link-color has-small-font-size wp-elements-c65382c2d8870be58af4b88e8221e9f5\" style=\"letter-spacing:2px\">LOCATION<\/p>\n\n\n\n<p class=\"has-base-color has-text-color has-link-color has-medium-font-size wp-elements-82b11b65bc1579db59e6045a06872ef7\">Portim\u00e3o, Faro<\/p>\n<\/div>\n\n\n\n<div class=\"wp-block-group is-vertical is-layout-flex wp-container-core-group-is-layout-90752e8f wp-block-group-is-layout-flex\">\n<p class=\"has-custom-gray-200-color has-text-color has-link-color has-small-font-size wp-elements-b5f756fc91d67f115ae57530889e1c81\" style=\"letter-spacing:2px\">SOCIALS<\/p>\n\n\n\n<ul class=\"wp-block-social-links has-normal-icon-size has-icon-color is-style-logos-only is-layout-flex wp-block-social-links-is-layout-flex\"><li style=\"color:#FFFFFF;\" class=\"wp-social-link wp-social-link-whatsapp has-theme-1-color wp-block-social-link\"><a rel=\"noopener nofollow\" target=\"_blank\" href=\"https:\/\/l.instagram.com\/?u=https%3A%2F%2Fabrir.link%2FPUCRl%3Futm_source%3Dig%26utm_medium%3Dsocial%26utm_content%3Dlink_in_bio%26fbclid%3DPAZXh0bgNhZW0CMTEAc3J0YwZhcHBfaWQMMjU2MjgxMDQwNTU4AAGnWEI7g4f7PKEw6laSxzUO_XuJmo0W-WEO2XGc_UrjwYZs_7YDaRvHmpqCTFs_aem_Mh1lWu0tfcDacKyWM9vpnw&#038;e=AT4h14YqZvv1SsvDJQ41dM3gmD_4X4GaSX6MFJud99p91rY0Md319bLcnR7WnXmqBnKpc6khjEGOzCcWPEbpN8MGtL-zwjp552jal5-TMg\" class=\"wp-block-social-link-anchor\"><svg width=\"24\" height=\"24\" viewbox=\"0 0 24 24\" version=\"1.1\" xmlns=\"http:\/\/www.w3.org\/2000\/svg\" aria-hidden=\"true\" focusable=\"false\"><path d=\"M 12.011719 2 C 6.5057187 2 2.0234844 6.478375 2.0214844 11.984375 C 2.0204844 13.744375 2.4814687 15.462563 3.3554688 16.976562 L 2 22 L 7.2324219 20.763672 C 8.6914219 21.559672 10.333859 21.977516 12.005859 21.978516 L 12.009766 21.978516 C 17.514766 21.978516 21.995047 17.499141 21.998047 11.994141 C 22.000047 9.3251406 20.962172 6.8157344 19.076172 4.9277344 C 17.190172 3.0407344 14.683719 2.001 12.011719 2 z M 12.009766 4 C 14.145766 4.001 16.153109 4.8337969 17.662109 6.3417969 C 19.171109 7.8517969 20.000047 9.8581875 19.998047 11.992188 C 19.996047 16.396187 16.413812 19.978516 12.007812 19.978516 C 10.674812 19.977516 9.3544062 19.642812 8.1914062 19.007812 L 7.5175781 18.640625 L 6.7734375 18.816406 L 4.8046875 19.28125 L 5.2851562 17.496094 L 5.5019531 16.695312 L 5.0878906 15.976562 C 4.3898906 14.768562 4.0204844 13.387375 4.0214844 11.984375 C 4.0234844 7.582375 7.6067656 4 12.009766 4 z M 8.4765625 7.375 C 8.3095625 7.375 8.0395469 7.4375 7.8105469 7.6875 C 7.5815469 7.9365 6.9355469 8.5395781 6.9355469 9.7675781 C 6.9355469 10.995578 7.8300781 12.182609 7.9550781 12.349609 C 8.0790781 12.515609 9.68175 15.115234 12.21875 16.115234 C 14.32675 16.946234 14.754891 16.782234 15.212891 16.740234 C 15.670891 16.699234 16.690438 16.137687 16.898438 15.554688 C 17.106437 14.971687 17.106922 14.470187 17.044922 14.367188 C 16.982922 14.263188 16.816406 14.201172 16.566406 14.076172 C 16.317406 13.951172 15.090328 13.348625 14.861328 13.265625 C 14.632328 13.182625 14.464828 13.140625 14.298828 13.390625 C 14.132828 13.640625 13.655766 14.201187 13.509766 14.367188 C 13.363766 14.534188 13.21875 14.556641 12.96875 14.431641 C 12.71875 14.305641 11.914938 14.041406 10.960938 13.191406 C 10.218937 12.530406 9.7182656 11.714844 9.5722656 11.464844 C 9.4272656 11.215844 9.5585938 11.079078 9.6835938 10.955078 C 9.7955938 10.843078 9.9316406 10.663578 10.056641 10.517578 C 10.180641 10.371578 10.223641 10.267562 10.306641 10.101562 C 10.389641 9.9355625 10.347156 9.7890625 10.285156 9.6640625 C 10.223156 9.5390625 9.737625 8.3065 9.515625 7.8125 C 9.328625 7.3975 9.131125 7.3878594 8.953125 7.3808594 C 8.808125 7.3748594 8.6425625 7.375 8.4765625 7.375 z\"><\/path><\/svg><span class=\"wp-block-social-link-label screen-reader-text\">WhatsApp<\/span><\/a><\/li>\n\n<li style=\"color:#FFFFFF;\" class=\"wp-social-link wp-social-link-instagram has-theme-1-color wp-block-social-link\"><a rel=\"noopener nofollow\" target=\"_blank\" href=\"https:\/\/www.instagram.com\/renove.algarvept\/\" class=\"wp-block-social-link-anchor\"><svg width=\"24\" height=\"24\" viewbox=\"0 0 24 24\" version=\"1.1\" xmlns=\"http:\/\/www.w3.org\/2000\/svg\" aria-hidden=\"true\" focusable=\"false\"><path d=\"M12,4.622c2.403,0,2.688,0.009,3.637,0.052c0.877,0.04,1.354,0.187,1.671,0.31c0.42,0.163,0.72,0.358,1.035,0.673 c0.315,0.315,0.51,0.615,0.673,1.035c0.123,0.317,0.27,0.794,0.31,1.671c0.043,0.949,0.052,1.234,0.052,3.637 s-0.009,2.688-0.052,3.637c-0.04,0.877-0.187,1.354-0.31,1.671c-0.163,0.42-0.358,0.72-0.673,1.035 c-0.315,0.315-0.615,0.51-1.035,0.673c-0.317,0.123-0.794,0.27-1.671,0.31c-0.949,0.043-1.233,0.052-3.637,0.052 s-2.688-0.009-3.637-0.052c-0.877-0.04-1.354-0.187-1.671-0.31c-0.42-0.163-0.72-0.358-1.035-0.673 c-0.315-0.315-0.51-0.615-0.673-1.035c-0.123-0.317-0.27-0.794-0.31-1.671C4.631,14.688,4.622,14.403,4.622,12 s0.009-2.688,0.052-3.637c0.04-0.877,0.187-1.354,0.31-1.671c0.163-0.42,0.358-0.72,0.673-1.035 c0.315-0.315,0.615-0.51,1.035-0.673c0.317-0.123,0.794-0.27,1.671-0.31C9.312,4.631,9.597,4.622,12,4.622 M12,3 C9.556,3,9.249,3.01,8.289,3.054C7.331,3.098,6.677,3.25,6.105,3.472C5.513,3.702,5.011,4.01,4.511,4.511 c-0.5,0.5-0.808,1.002-1.038,1.594C3.25,6.677,3.098,7.331,3.054,8.289C3.01,9.249,3,9.556,3,12c0,2.444,0.01,2.751,0.054,3.711 c0.044,0.958,0.196,1.612,0.418,2.185c0.23,0.592,0.538,1.094,1.038,1.594c0.5,0.5,1.002,0.808,1.594,1.038 c0.572,0.222,1.227,0.375,2.185,0.418C9.249,20.99,9.556,21,12,21s2.751-0.01,3.711-0.054c0.958-0.044,1.612-0.196,2.185-0.418 c0.592-0.23,1.094-0.538,1.594-1.038c0.5-0.5,0.808-1.002,1.038-1.594c0.222-0.572,0.375-1.227,0.418-2.185 C20.99,14.751,21,14.444,21,12s-0.01-2.751-0.054-3.711c-0.044-0.958-0.196-1.612-0.418-2.185c-0.23-0.592-0.538-1.094-1.038-1.594 c-0.5-0.5-1.002-0.808-1.594-1.038c-0.572-0.222-1.227-0.375-2.185-0.418C14.751,3.01,14.444,3,12,3L12,3z M12,7.378 c-2.552,0-4.622,2.069-4.622,4.622S9.448,16.622,12,16.622s4.622-2.069,4.622-4.622S14.552,7.378,12,7.378z M12,15 c-1.657,0-3-1.343-3-3s1.343-3,3-3s3,1.343,3,3S13.657,15,12,15z M16.804,6.116c-0.596,0-1.08,0.484-1.08,1.08 s0.484,1.08,1.08,1.08c0.596,0,1.08-0.484,1.08-1.08S17.401,6.116,16.804,6.116z\"><\/path><\/svg><span class=\"wp-block-social-link-label screen-reader-text\">Instagram<\/span><\/a><\/li><\/ul>\n<\/div>\n<\/div>\n<\/div>\n\n\n\n<div class=\"wp-block-column is-layout-flow wp-block-column-is-layout-flow\">\n<div class=\"wp-block-cover\" style=\"min-height:460px;aspect-ratio:unset;\"><img decoding=\"async\" class=\"wp-block-cover__image-background wp-image-13 size-full\" alt=\"\" src=\"https:\/\/renovenoalgarve.wordpress.com\/wp-content\/uploads\/2026\/03\/whatsapp-image-2026-01-28-at-07.46.37.jpeg\" data-object-fit=\"cover\"\/><span aria-hidden=\"true\" class=\"wp-block-cover__background has-background-dim-30 has-background-dim\"><\/span><div class=\"wp-block-cover__inner-container has-global-padding is-layout-constrained wp-block-cover-is-layout-constrained\">\n<p class=\"has-text-align-center has-large-font-size\">Renove Construtora<\/p>\n<\/div><\/div>\n<\/div>\n<\/div>\n\n\n\n<div class=\"wp-block-group is-vertical is-layout-flex wp-container-core-group-is-layout-9ae43232 wp-block-group-is-layout-flex\" style=\"padding-top:var(--wp--preset--spacing--20);padding-right:var(--wp--preset--spacing--20);padding-bottom:var(--wp--preset--spacing--20);padding-left:var(--wp--preset--spacing--20)\">\n<h2 class=\"wp-block-heading\" id=\"tem-um-projeto-em-mente\" style=\"letter-spacing:-2px\">Got a project in mind?<\/h2>\n\n\n\n<p class=\"has-custom-gray-600-color has-text-color has-link-color wp-elements-65dedc57e2411c4d7fe43a688b033c4c\">Tell us about your idea. You\u2019ll receive an initial review within 24 hours.<\/p>\n<\/div>\n\n\n\n<div class=\"wp-block-uagb-forms uagb-forms__outer-wrap uagb-block-31431914 uagb-forms__medium-btn\"><form class=\"uagb-forms-main-form\" method=\"post\" autocomplete=\"on\" name=\"uagb-form-31431914\" action=\"\">\n<div class=\"wp-block-uagb-forms-name uagb-forms-name-wrap uagb-forms-field-set uagb-block-af353405\"><div class=\"uagb-forms-name-label required uagb-forms-input-label\" id=\"af353405\">Name<\/div><input type=\"text\" placeholder=\"John\" required class=\"uagb-forms-name-input uagb-forms-input\" name=\"af353405\" autocomplete=\"given-name\"\/><\/div>\n\n\n\n<div class=\"wp-block-uagb-forms-name uagb-forms-name-wrap uagb-forms-field-set uagb-block-d5afc1c9\"><div class=\"uagb-forms-name-label required uagb-forms-input-label\" id=\"d5afc1c9\">Last Name<\/div><input type=\"text\" placeholder=\"Doe\" required class=\"uagb-forms-name-input uagb-forms-input\" name=\"d5afc1c9\" autocomplete=\"family-name\"\/><\/div>\n\n\n\n<div class=\"wp-block-uagb-forms-email uagb-forms-email-wrap uagb-forms-field-set uagb-block-dde222d4\"><div class=\"uagb-forms-email-label  uagb-forms-input-label\" id=\"dde222d4\">Mail<\/div><input type=\"email\" class=\"uagb-forms-email-input uagb-forms-input\" placeholder=\"example@mail.com\" name=\"dde222d4\" autocomplete=\"email\"\/><\/div>\n\n\n\n<div class=\"wp-block-uagb-forms-textarea uagb-forms-textarea-wrap uagb-forms-field-set uagb-block-d086fdf3\"><div class=\"uagb-forms-textarea-label required uagb-forms-input-label\" id=\"d086fdf3\">Message<\/div><textarea required class=\"uagb-forms-textarea-input uagb-forms-input\" rows=\"6\" placeholder=\"Write your message...\" name=\"d086fdf3\" autocomplete=\"off\"><\/textarea><\/div>\n<div class=\"uagb-forms-form-hidden-data\"><input type=\"hidden\" class=\"uagb_forms_form_label\" value=\"Spectra Form\"\/><input type=\"hidden\" class=\"uagb_forms_form_id\" value=\"uagb-form-31431914\"\/><\/div><div class=\"uagb-form-reacaptcha-error-31431914\"><\/div><div class=\"uagb-forms-main-submit-button-wrap wp-block-button\"><button class=\"uagb-forms-main-submit-button wp-block-button__link\"><div class=\"uagb-forms-main-submit-button-text\">Send<\/div><\/button><\/div><input type=\"hidden\" name=\"trp-form-language\" value=\"en\"\/><\/form><div class=\"uagb-forms-success-message-31431914 uagb-forms-submit-message-hide\"><span>Your message has been sent!<\/span><\/div><div class=\"uagb-forms-failed-message-31431914 uagb-forms-submit-message-hide\"><span>There has been some error while submitting the form. Please verify all form fields again.<\/span><\/div><\/div>\n\n\n\n<p><\/p>","protected":false},"excerpt":{"rendered":"<p>FALE CONOSCO CONTACTOS TELEFONE +351 910 580 064+351 911 931 946 EMAIL renovenoalgarve@gmail.com LOCALIDADE Portim\u00e3o, Faro REDES Tem um projeto em mente? Explique sua ideia brevemente abaixo. Respondemos em at\u00e9 24h com uma an\u00e1lise inicial.<\/p>","protected":false},"author":1,"featured_media":0,"parent":0,"menu_order":0,"comment_status":"closed","ping_status":"closed","template":"page-no-title","meta":{"_gspb_post_css":"","_uag_custom_page_level_css":"","footnotes":""},"class_list":["post-203","page","type-page","status-publish","hentry"],"_hostinger_reach_plugin_has_subscription_block":false,"_hostinger_reach_plugin_is_elementor":false,"uagb_featured_image_src":{"full":false,"thumbnail":false,"medium":false,"medium_large":false,"large":false,"1536x1536":false,"2048x2048":false,"trp-custom-language-flag":false},"uagb_author_info":{"display_name":"renovenoalgarve","author_link":"https:\/\/renoveconstrutora.pt\/en\/author\/renovenoalgarve\/"},"uagb_comment_info":0,"uagb_excerpt":"FALE CONOSCO CONTACTOS TELEFONE +351 910 580 064+351 911 931 946 EMAIL renovenoalgarve@gmail.com LOCALIDADE Portim\u00e3o, Faro REDES Tem um projeto em mente? Explique sua ideia brevemente abaixo. Respondemos em at\u00e9 24h com uma an\u00e1lise inicial.","_links":{"self":[{"href":"https:\/\/renoveconstrutora.pt\/en\/wp-json\/wp\/v2\/pages\/203","targetHints":{"allow":["GET"]}}],"collection":[{"href":"https:\/\/renoveconstrutora.pt\/en\/wp-json\/wp\/v2\/pages"}],"about":[{"href":"https:\/\/renoveconstrutora.pt\/en\/wp-json\/wp\/v2\/types\/page"}],"author":[{"embeddable":true,"href":"https:\/\/renoveconstrutora.pt\/en\/wp-json\/wp\/v2\/users\/1"}],"replies":[{"embeddable":true,"href":"https:\/\/renoveconstrutora.pt\/en\/wp-json\/wp\/v2\/comments?post=203"}],"version-history":[{"count":11,"href":"https:\/\/renoveconstrutora.pt\/en\/wp-json\/wp\/v2\/pages\/203\/revisions"}],"predecessor-version":[{"id":789,"href":"https:\/\/renoveconstrutora.pt\/en\/wp-json\/wp\/v2\/pages\/203\/revisions\/789"}],"wp:attachment":[{"href":"https:\/\/renoveconstrutora.pt\/en\/wp-json\/wp\/v2\/media?parent=203"}],"curies":[{"name":"wp","href":"https:\/\/api.w.org\/{rel}","templated":true}]}}